{"id":7118,"date":"2026-03-20T14:58:33","date_gmt":"2026-03-20T13:58:33","guid":{"rendered":"https:\/\/cecitcgstore.it\/?page_id=7118"},"modified":"2026-04-04T16:37:48","modified_gmt":"2026-04-04T14:37:48","slug":"carrello","status":"publish","type":"page","link":"https:\/\/cecitcgstore.it\/?page_id=7118","title":{"rendered":"Carrello"},"content":{"rendered":"\t\t<div data-elementor-type=\"wp-page\" data-elementor-id=\"7118\" class=\"elementor elementor-7118\" data-elementor-post-type=\"page\">\n\t\t\t\t<div class=\"elementor-element elementor-element-4091c3f e-flex e-con-boxed e-con e-parent\" data-id=\"4091c3f\" data-element_type=\"container\" data-e-type=\"container\">\n\t\t\t\t\t<div class=\"e-con-inner\">\n\t\t\t\t<div class=\"elementor-element elementor-element-ae943eb e-cart-layout-two-column elementor-widget elementor-widget-woocommerce-cart\" data-id=\"ae943eb\" data-element_type=\"widget\" data-e-type=\"widget\" data-settings=\"{&quot;sticky_right_column&quot;:&quot;yes&quot;,&quot;update_cart_automatically&quot;:&quot;yes&quot;}\" data-widget_type=\"woocommerce-cart.default\">\n\t\t\t\t<div class=\"elementor-widget-container\">\n\t\t\t\t\t<div class=\"woocommerce\"><div class=\"woocommerce-notices-wrapper\"><\/div><div class=\"wc-empty-cart-message\">\n\t<div class=\"cart-empty woocommerce-info\" role=\"status\">\n\t\tIl tuo carrello \u00e8 vuoto.\t<\/div>\n<\/div>\t<p class=\"return-to-shop\">\n\t\t<a class=\"button wc-backward\" href=\"https:\/\/cecitcgstore.it\/?page_id=7019\">\n\t\t\tRitorna al negozio\t\t<\/a>\n\t<\/p>\n<\/div>\t\t\t\t<\/div>\n\t\t\t\t<\/div>\n\t\t\t\t\t<\/div>\n\t\t\t\t<\/div>\n\t\t\t\t<\/div>\n\t\t","protected":false},"excerpt":{"rendered":"<p>Rimuovi articolo Miniatura immagine Prodotto Prezzo Quantit\u00e0 Subtotale &times; sv2a &#8211; Pok\u00e9mon 151 &#8211; Box 20 Bustine &#8211; Jap 363,00&nbsp;&euro; sv2a &#8211; Pok\u00e9mon 151 &#8211; Box 20 Bustine &#8211; Jap quantit\u00e0 363,00&nbsp;&euro; &times; BANDAI Gundam Card Game Newtype Rising Booster Box GD01 JAP 41,00&nbsp;&euro; BANDAI Gundam Card Game Newtype Rising Booster Box GD01 JAP quantit\u00e0 [&hellip;]<\/p>\n","protected":false},"author":1,"featured_media":0,"parent":0,"menu_order":0,"comment_status":"closed","ping_status":"closed","template":"","meta":{"footnotes":""},"class_list":["post-7118","page","type-page","status-publish","hentry"],"blocksy_meta":[],"_links":{"self":[{"href":"https:\/\/cecitcgstore.it\/index.php?rest_route=\/wp\/v2\/pages\/7118","targetHints":{"allow":["GET"]}}],"collection":[{"href":"https:\/\/cecitcgstore.it\/index.php?rest_route=\/wp\/v2\/pages"}],"about":[{"href":"https:\/\/cecitcgstore.it\/index.php?rest_route=\/wp\/v2\/types\/page"}],"author":[{"embeddable":true,"href":"https:\/\/cecitcgstore.it\/index.php?rest_route=\/wp\/v2\/users\/1"}],"replies":[{"embeddable":true,"href":"https:\/\/cecitcgstore.it\/index.php?rest_route=%2Fwp%2Fv2%2Fcomments&post=7118"}],"version-history":[{"count":7,"href":"https:\/\/cecitcgstore.it\/index.php?rest_route=\/wp\/v2\/pages\/7118\/revisions"}],"predecessor-version":[{"id":7125,"href":"https:\/\/cecitcgstore.it\/index.php?rest_route=\/wp\/v2\/pages\/7118\/revisions\/7125"}],"wp:attachment":[{"href":"https:\/\/cecitcgstore.it\/index.php?rest_route=%2Fwp%2Fv2%2Fmedia&parent=7118"}],"curies":[{"name":"wp","href":"https:\/\/api.w.org\/{rel}","templated":true}]}}